{"id":41128,"date":"2022-07-29T14:58:31","date_gmt":"2022-07-29T12:58:31","guid":{"rendered":"https:\/\/bhipemea.com\/opportunity\/"},"modified":"2024-11-07T10:42:03","modified_gmt":"2024-11-07T09:42:03","slug":"opportunity","status":"publish","type":"page","link":"https:\/\/bhipemea.com\/si-si\/opportunity\/","title":{"rendered":"Prilo\u017enost"},"content":{"rendered":"\t\t<div data-elementor-type=\"wp-page\" data-elementor-id=\"41128\" class=\"elementor elementor-41128 elementor-33688\">\n\t\t\t\t<div class=\"elementor-element elementor-element-b5cdd9d e-flex e-con-boxed e-con e-parent\" data-id=\"b5cdd9d\" data-element_type=\"container\">\n\t\t\t\t\t<div class=\"e-con-inner\">\n\t\t<div class=\"elementor-element elementor-element-86d45f7 e-con-full e-flex e-con e-child\" data-id=\"86d45f7\" data-element_type=\"container\">\n\t\t\t\t<div class=\"elementor-element elementor-element-13e10d0 elementor-widget elementor-widget-heading\" data-id=\"13e10d0\" data-element_type=\"widget\" data-widget_type=\"heading.default\">\n\t\t\t\t<div class=\"elementor-widget-container\">\n\t\t\t<h1 class=\"elementor-heading-title elementor-size-default\">Prilo\u017enost<\/h1>\t\t<\/div>\n\t\t\t\t<\/div>\n\t\t\t\t<div class=\"elementor-element elementor-element-e72b998 elementor-widget elementor-widget-text-editor\" data-id=\"e72b998\" data-element_type=\"widget\" data-widget_type=\"text-editor.default\">\n\t\t\t\t<div class=\"elementor-widget-container\">\n\t\t\t\t\t\t\t<p>B:hip EMEA ponuja prilo\u017enost, da to storite s poslovnim in distribucijskim modelom neposredne prodaje. Industrija neposredne prodaje je hitro rasto\u010da in trenutno zaposluje ve\u010d milijonov ljudi po svetu. <\/p>\n\t\t\t\t\t\t<\/div>\n\t\t\t\t<\/div>\n\t\t\t\t<\/div>\n\t\t\t\t\t<\/div>\n\t\t\t\t<\/div>\n\t\t<div class=\"elementor-element elementor-element-4124e36 e-con-full e-flex e-con e-parent\" data-id=\"4124e36\" data-element_type=\"container\">\n\t\t<div class=\"elementor-element elementor-element-6440286 e-con-full elementor-max-width e-flex e-con e-child\" data-id=\"6440286\" data-element_type=\"container\">\n\t\t<div class=\"elementor-element elementor-element-0b6185d e-con-full e-flex e-con e-child\" data-id=\"0b6185d\" data-element_type=\"container\" data-settings=\"{&quot;background_background&quot;:&quot;classic&quot;}\">\n\t\t\t\t<\/div>\n\t\t<div class=\"elementor-element elementor-element-87c4354 e-con-full e-flex e-con e-child\" data-id=\"87c4354\" data-element_type=\"container\" data-settings=\"{&quot;background_background&quot;:&quot;classic&quot;}\">\n\t\t<div class=\"elementor-element elementor-element-23a3b9b e-flex e-con-boxed e-con e-child\" data-id=\"23a3b9b\" data-element_type=\"container\">\n\t\t\t\t\t<div class=\"e-con-inner\">\n\t\t\t\t<div class=\"elementor-element elementor-element-d5ba412 elementor-widget elementor-widget-heading\" data-id=\"d5ba412\" data-element_type=\"widget\" data-widget_type=\"heading.default\">\n\t\t\t\t<div class=\"elementor-widget-container\">\n\t\t\t<h1 class=\"elementor-heading-title elementor-size-default\">Bodite sam svoj \u0161ef<\/h1>\t\t<\/div>\n\t\t\t\t<\/div>\n\t\t\t\t<div class=\"elementor-element elementor-element-339f7f8 elementor-widget elementor-widget-text-editor\" data-id=\"339f7f8\" data-element_type=\"widget\" data-widget_type=\"text-editor.default\">\n\t\t\t\t<div class=\"elementor-widget-container\">\n\t\t\t\t\t\t\tSte kdaj pomislili, da bi bili sam svoj \u0161ef? Da bi si sami dolo\u010dali, kdaj in koliko delati? S kom delati?<br>\u017delite biti del zabavne, mo\u010dne in ambiciozne ekipe, ki stavi na razgledanost \u010dlanov in ekipni duh?    \t\t\t\t\t\t<\/div>\n\t\t\t\t<\/div>\n\t\t\t\t<div class=\"elementor-element elementor-element-ca64de5 elementor-widget elementor-widget-heading\" data-id=\"ca64de5\" data-element_type=\"widget\" data-widget_type=\"heading.default\">\n\t\t\t\t<div class=\"elementor-widget-container\">\n\t\t\t<h1 class=\"elementor-heading-title elementor-size-default\">Dodaten prihodek ali kariera?<\/h1>\t\t<\/div>\n\t\t\t\t<\/div>\n\t\t\t\t<div class=\"elementor-element elementor-element-e967ee2 elementor-widget elementor-widget-text-editor\" data-id=\"e967ee2\" data-element_type=\"widget\" data-widget_type=\"text-editor.default\">\n\t\t\t\t<div class=\"elementor-widget-container\">\n\t\t\t\t\t\t\t<p>B:hip je pravi kraj za vas, \u010de si \u017eelite zagotoviti dodaten prihodek z ob\u010dasnim delom in se pri tem tudi zabavati ali \u010de \u017eelite ustvariti in voditi lastno ekipo distributerjev ter vzeti svojo finan\u010dno prihodnost v svoje roke.<\/p>\n<p>Morda pa ste kot stranka navdu\u0161eni nad na\u0161imi izdelki in jih \u017eelite deliti z ostalimi?<\/p>\n\t\t\t\t\t\t<\/div>\n\t\t\t\t<\/div>\n\t\t\t\t\t<\/div>\n\t\t\t\t<\/div>\n\t\t\t\t<\/div>\n\t\t\t\t<\/div>\n\t\t\t\t<\/div>\n\t\t<div class=\"elementor-element elementor-element-5777dfb e-flex e-con-boxed e-con e-parent\" data-id=\"5777dfb\" data-element_type=\"container\">\n\t\t\t\t\t<div class=\"e-con-inner\">\n\t\t<div class=\"elementor-element elementor-element-f16c485 e-con-full e-flex e-con e-child\" data-id=\"f16c485\" data-element_type=\"container\">\n\t\t\t\t<div class=\"elementor-element elementor-element-d967fd9 elementor-widget elementor-widget-heading\" data-id=\"d967fd9\" data-element_type=\"widget\" data-widget_type=\"heading.default\">\n\t\t\t\t<div class=\"elementor-widget-container\">\n\t\t\t<h1 class=\"elementor-heading-title elementor-size-default\">Izdelki svetovnega razreda<\/h1>\t\t<\/div>\n\t\t\t\t<\/div>\n\t\t\t\t<div class=\"elementor-element elementor-element-50ccce2 elementor-widget elementor-widget-text-editor\" data-id=\"50ccce2\" data-element_type=\"widget\" data-widget_type=\"text-editor.default\">\n\t\t\t\t<div class=\"elementor-widget-container\">\n\t\t\t\t\t\t\t<p>Ko postanete neodvisni distributer podjetja B:hip, je va\u0161a naloga, da tr\u017eite in prodajate visokokakovostne izdelke podjetja B:hip in to prilo\u017enost delite s podobno misle\u010dimi. Na\u0161 preverjeni poslovni sistem vam zagotavlja podporo in svobodo pri izbiranju, koliko \u010dasa in truda \u017eelite vlo\u017eiti in kako dale\u010d \u017eelite napredovati. Ste neodvisni, a nikoli sami. Po zaslugi zanesljivih izobra\u017eevalnih in podpornih sistemov ter vrhunskega vodstva podjetje b:hip ponuja sredstvo, s katerim lahko izpolnite svoje sanje in \u017eivite \u017eivljenje, ki si ga \u017eelite.   <\/p>\n\t\t\t\t\t\t<\/div>\n\t\t\t\t<\/div>\n\t\t\t\t<\/div>\n\t\t\t\t\t<\/div>\n\t\t\t\t<\/div>\n\t\t\t\t<\/div>\n\t\t","protected":false},"excerpt":{"rendered":"<p>Prilo\u017enost B:hip EMEA ponuja prilo\u017enost, da to storite s poslovnim in distribucijskim modelom neposredne prodaje. Industrija neposredne prodaje je hitro rasto\u010da in trenutno zaposluje ve\u010d milijonov ljudi po svetu. Bodite [&hellip;]<\/p>\n","protected":false},"author":1,"featured_media":0,"parent":0,"menu_order":0,"comment_status":"closed","ping_status":"closed","template":"","meta":{"_price":"","_stock":"","_tribe_ticket_header":"","_tribe_default_ticket_provider":"","_tribe_ticket_capacity":"0","_ticket_start_date":"","_ticket_end_date":"","_tribe_ticket_show_description":"","_tribe_ticket_show_not_going":false,"_tribe_ticket_use_global_stock":"","_tribe_ticket_global_stock_level":"","_global_stock_mode":"","_global_stock_cap":"","_tribe_rsvp_for_event":"","_tribe_ticket_going_count":"","_tribe_ticket_not_going_count":"","_tribe_tickets_list":"[]","_tribe_ticket_has_attendee_info_fields":false,"footnotes":"","_tec_slr_enabled":"","_tec_slr_layout":""},"class_list":["post-41128","page","type-page","status-publish","hentry"],"ticketed":false,"_links":{"self":[{"href":"https:\/\/bhipemea.com\/si-si\/wp-json\/wp\/v2\/pages\/41128","targetHints":{"allow":["GET"]}}],"collection":[{"href":"https:\/\/bhipemea.com\/si-si\/wp-json\/wp\/v2\/pages"}],"about":[{"href":"https:\/\/bhipemea.com\/si-si\/wp-json\/wp\/v2\/types\/page"}],"author":[{"embeddable":true,"href":"https:\/\/bhipemea.com\/si-si\/wp-json\/wp\/v2\/users\/1"}],"replies":[{"embeddable":true,"href":"https:\/\/bhipemea.com\/si-si\/wp-json\/wp\/v2\/comments?post=41128"}],"version-history":[{"count":4,"href":"https:\/\/bhipemea.com\/si-si\/wp-json\/wp\/v2\/pages\/41128\/revisions"}],"predecessor-version":[{"id":41981,"href":"https:\/\/bhipemea.com\/si-si\/wp-json\/wp\/v2\/pages\/41128\/revisions\/41981"}],"wp:attachment":[{"href":"https:\/\/bhipemea.com\/si-si\/wp-json\/wp\/v2\/media?parent=41128"}],"curies":[{"name":"wp","href":"https:\/\/api.w.org\/{rel}","templated":true}]}}