{"id":41133,"date":"2022-10-04T15:01:34","date_gmt":"2022-10-04T13:01:34","guid":{"rendered":"https:\/\/bhipemea.com\/about-us\/"},"modified":"2024-11-15T13:05:18","modified_gmt":"2024-11-15T12:05:18","slug":"about-us","status":"publish","type":"page","link":"https:\/\/bhipemea.com\/si-si\/about-us\/","title":{"rendered":"O nas"},"content":{"rendered":"\t\t<div data-elementor-type=\"wp-page\" data-elementor-id=\"41133\" class=\"elementor elementor-41133 elementor-33916\">\n\t\t\t\t<div class=\"elementor-element elementor-element-32d6c66 e-flex e-con-boxed e-con e-parent\" data-id=\"32d6c66\" data-element_type=\"container\">\n\t\t\t\t\t<div class=\"e-con-inner\">\n\t\t<div class=\"elementor-element elementor-element-4a73436 e-con-full e-flex e-con e-child\" data-id=\"4a73436\" data-element_type=\"container\">\n\t\t\t\t<div class=\"elementor-element elementor-element-5de1667 elementor-widget elementor-widget-heading\" data-id=\"5de1667\" data-element_type=\"widget\" data-widget_type=\"heading.default\">\n\t\t\t\t<div class=\"elementor-widget-container\">\n\t\t\t<h1 class=\"elementor-heading-title elementor-size-default\">O nas<\/h1>\t\t<\/div>\n\t\t\t\t<\/div>\n\t\t\t\t<\/div>\n\t\t\t\t\t<\/div>\n\t\t\t\t<\/div>\n\t\t<div class=\"elementor-element elementor-element-5a9c516 e-con-full e-flex e-con e-parent\" data-id=\"5a9c516\" data-element_type=\"container\">\n\t\t<div class=\"elementor-element elementor-element-dbfe600 e-con-full elementor-max-width e-flex e-con e-child\" data-id=\"dbfe600\" data-element_type=\"container\">\n\t\t<div class=\"elementor-element elementor-element-70ba6e5 e-con-full e-flex e-con e-child\" data-id=\"70ba6e5\" data-element_type=\"container\" data-settings=\"{&quot;background_background&quot;:&quot;classic&quot;}\">\n\t\t<div class=\"elementor-element elementor-element-54d50be e-flex e-con-boxed e-con e-child\" data-id=\"54d50be\" data-element_type=\"container\">\n\t\t\t\t\t<div class=\"e-con-inner\">\n\t\t\t\t<div class=\"elementor-element elementor-element-7f3c5c4 elementor-widget elementor-widget-heading\" data-id=\"7f3c5c4\" data-element_type=\"widget\" data-widget_type=\"heading.default\">\n\t\t\t\t<div class=\"elementor-widget-container\">\n\t\t\t<h1 class=\"elementor-heading-title elementor-size-default\">Poslanstvo<\/h1>\t\t<\/div>\n\t\t\t\t<\/div>\n\t\t\t\t<div class=\"elementor-element elementor-element-bcbbb76 elementor-widget elementor-widget-text-editor\" data-id=\"bcbbb76\" data-element_type=\"widget\" data-widget_type=\"text-editor.default\">\n\t\t\t\t<div class=\"elementor-widget-container\">\n\t\t\t\t\t\t\t<p>Na\u0161e poslanstvo pri B:hip EMEA je pomagati ljudem dose\u010di bolj zdrav in bogat \u017eivljenjski slog z vodenjem trdnega, trajnostnega podjetja z edinstvenimi izdelki in ponujanjem izjemnih poslovnih prilo\u017enosti. Nismo borzna dru\u017eba in zato nimamo zunanjih delni\u010darjev, ki bi jim lahko ugodili. Vse, kar nas zanima, je uspeh na\u0161ih distributerjev in zagotavljanje dostopnosti na\u0161ih visokokakovostnih izdelkov strankam po vsem svetu. V prihodnjih letih se bomo organsko \u0161irili po vsem svetu in gradili podjetje na zdravih na\u010delih in visoki integriteti.   <\/p>\n\t\t\t\t\t\t<\/div>\n\t\t\t\t<\/div>\n\t\t\t\t\t<\/div>\n\t\t\t\t<\/div>\n\t\t\t\t<\/div>\n\t\t<div class=\"elementor-element elementor-element-c9ef8ff e-con-full e-flex e-con e-child\" data-id=\"c9ef8ff\" data-element_type=\"container\" data-settings=\"{&quot;background_background&quot;:&quot;classic&quot;}\">\n\t\t\t\t<\/div>\n\t\t\t\t<\/div>\n\t\t\t\t<\/div>\n\t\t<div class=\"elementor-element elementor-element-d2d5380 e-flex e-con-boxed e-con e-parent\" data-id=\"d2d5380\" data-element_type=\"container\">\n\t\t\t\t\t<div class=\"e-con-inner\">\n\t\t<div class=\"elementor-element elementor-element-703577f e-con-full e-flex e-con e-child\" data-id=\"703577f\" data-element_type=\"container\">\n\t\t\t\t<div class=\"elementor-element elementor-element-cd1698d elementor-widget elementor-widget-heading\" data-id=\"cd1698d\" data-element_type=\"widget\" data-widget_type=\"heading.default\">\n\t\t\t\t<div class=\"elementor-widget-container\">\n\t\t\t<h2 class=\"elementor-heading-title elementor-size-default\">Globalna strategija<\/h2>\t\t<\/div>\n\t\t\t\t<\/div>\n\t\t\t\t<div class=\"elementor-element elementor-element-a822f44 elementor-widget elementor-widget-text-editor\" data-id=\"a822f44\" data-element_type=\"widget\" data-widget_type=\"text-editor.default\">\n\t\t\t\t<div class=\"elementor-widget-container\">\n\t\t\t\t\t\t\t<p>Na\u0161 cilj je, da bi nadaljevali z mednarodno \u0161iritvijo in izva\u017eali na\u0161 edinstven poslovni model in zdrave izdelke na razli\u010dne trge in v razli\u010dne dr\u017eave. Za nas je \u00bbskupnost\u00ab ve\u010d kot le beseda in verjamemo, da delamo v dobro javnosti, ki nas podpira. Trdno verjamemo v transparentnost in odgovornost znamke ter se trudimo spo\u0161tovati pravila o izdelkih in pravne smernice, ki veljajo na navedenih obmo\u010djih distribucije. Na\u0161 smiseln pristop do najbolj\u0161ih industrijskih praks ter trpe\u017ena in zanesljiva spletna infrastruktura zagotavljajo na\u0161im distributerjem potrebna orodja za vodenje lastnega posla. Zaupamo v mo\u010d in pristnost na\u0161e znamke. Nadaljevali bomo s \u0161iritvijo, pri \u010demer si prizadevamo, da bi distributerji in stranke na\u0161o vizijo vzeli za svojo, ter sku\u0161ali zagotoviti bolj zdravo in bogato \u017eivljenje za vse.     <\/p>\n\t\t\t\t\t\t<\/div>\n\t\t\t\t<\/div>\n\t\t\t\t<\/div>\n\t\t\t\t\t<\/div>\n\t\t\t\t<\/div>\n\t\t\t\t<\/div>\n\t\t","protected":false},"excerpt":{"rendered":"<p>O nas Poslanstvo Na\u0161e poslanstvo pri B:hip EMEA je pomagati ljudem dose\u010di bolj zdrav in bogat \u017eivljenjski slog z vodenjem trdnega, trajnostnega podjetja z edinstvenimi izdelki in ponujanjem izjemnih poslovnih [&hellip;]<\/p>\n","protected":false},"author":1,"featured_media":0,"parent":0,"menu_order":0,"comment_status":"closed","ping_status":"closed","template":"","meta":{"_price":"","_stock":"","_tribe_ticket_header":"","_tribe_default_ticket_provider":"","_tribe_ticket_capacity":"0","_ticket_start_date":"","_ticket_end_date":"","_tribe_ticket_show_description":"","_tribe_ticket_show_not_going":false,"_tribe_ticket_use_global_stock":"","_tribe_ticket_global_stock_level":"","_global_stock_mode":"","_global_stock_cap":"","_tribe_rsvp_for_event":"","_tribe_ticket_going_count":"","_tribe_ticket_not_going_count":"","_tribe_tickets_list":"[]","_tribe_ticket_has_attendee_info_fields":false,"footnotes":"","_tec_slr_enabled":"","_tec_slr_layout":""},"class_list":["post-41133","page","type-page","status-publish","hentry"],"ticketed":false,"_links":{"self":[{"href":"https:\/\/bhipemea.com\/si-si\/wp-json\/wp\/v2\/pages\/41133","targetHints":{"allow":["GET"]}}],"collection":[{"href":"https:\/\/bhipemea.com\/si-si\/wp-json\/wp\/v2\/pages"}],"about":[{"href":"https:\/\/bhipemea.com\/si-si\/wp-json\/wp\/v2\/types\/page"}],"author":[{"embeddable":true,"href":"https:\/\/bhipemea.com\/si-si\/wp-json\/wp\/v2\/users\/1"}],"replies":[{"embeddable":true,"href":"https:\/\/bhipemea.com\/si-si\/wp-json\/wp\/v2\/comments?post=41133"}],"version-history":[{"count":4,"href":"https:\/\/bhipemea.com\/si-si\/wp-json\/wp\/v2\/pages\/41133\/revisions"}],"predecessor-version":[{"id":42099,"href":"https:\/\/bhipemea.com\/si-si\/wp-json\/wp\/v2\/pages\/41133\/revisions\/42099"}],"wp:attachment":[{"href":"https:\/\/bhipemea.com\/si-si\/wp-json\/wp\/v2\/media?parent=41133"}],"curies":[{"name":"wp","href":"https:\/\/api.w.org\/{rel}","templated":true}]}}