{"id":41163,"date":"2022-07-29T14:29:15","date_gmt":"2022-07-29T12:29:15","guid":{"rendered":"https:\/\/bhipemea.com\/product\/high-performance-eye-cream\/"},"modified":"2024-11-11T13:24:51","modified_gmt":"2024-11-11T12:24:51","slug":"high-performance-eye-cream","status":"publish","type":"product","link":"https:\/\/bhipemea.com\/si-si\/product\/high-performance-eye-cream\/","title":{"rendered":"High Performance Eye Cream"},"content":{"rendered":"","protected":false},"excerpt":{"rendered":"<p>Visoko u\u010dinkovita krema za predel okrog o\u010di Mol&amp;B je lahka, sve\u017ea in hladilna krema, ki vla\u017ei in \u0161\u010diti ob\u010dutljivo ko\u017eo na predelu okrog o\u010di z u\u010dvrstitvenim u\u010dinkom in pomaga odpravljati otekle o\u010di, gube in drobne linije. Ima lahko strukturo kremnega gela in vsebuje hranilno ekolo\u0161ko olje iz \u0161ipkovih semen, Aldavine TM 5X, ki odpravlja podo\u010dnjake in prepre\u010duje otekle o\u010di in Dragosine\u00ae, ki spodbuja sintezo kolagena. Vsebuje tudi Gatuline\u00ae In-Tense, ki pove\u010duje \u010dvrstost ko\u017ee in obnavlja gladko in mladostno strukturo<br \/>ko\u017ee z u\u010dinkom, podobnim polnilu. <\/p>\n<p>Visoko u\u010dinkovita krema za predel okrog o\u010di Mol&amp;B je zelo vpojna in pomaga odpravljati podo\u010dnjake ter drobne linije, zaradi \u010desar je predel okrog o\u010di bolj gladek, sve\u017e in mladosten.<\/p>\n<p><strong><em>Primerno za vse ko\u017ene tipe.<\/em><\/strong><br \/>\n[read-more height-formula=\"product\"]<\/p>\n","protected":false},"featured_media":41173,"template":"","meta":{"_price":"","_stock":"","_tribe_ticket_header":"","_tribe_default_ticket_provider":"","_tribe_ticket_capacity":"0","_ticket_start_date":"","_ticket_end_date":"","_tribe_ticket_show_description":"","_tribe_ticket_show_not_going":false,"_tribe_ticket_use_global_stock":"","_tribe_ticket_global_stock_level":"","_global_stock_mode":"","_global_stock_cap":"","_tribe_rsvp_for_event":"","_tribe_ticket_going_count":"","_tribe_ticket_not_going_count":"","_tribe_tickets_list":"[]","_tribe_ticket_has_attendee_info_fields":false,"_tec_slr_enabled":"","_tec_slr_layout":""},"product_cat":[272],"product_tag":[],"class_list":{"0":"post-41163","1":"product","2":"type-product","3":"status-publish","4":"has-post-thumbnail","6":"product_brand-molb","7":"product_cat-nega-koze","10":"first","11":"instock","12":"shipping-taxable","13":"product-type-simple"},"_links":{"self":[{"href":"https:\/\/bhipemea.com\/si-si\/wp-json\/wp\/v2\/product\/41163","targetHints":{"allow":["GET"]}}],"collection":[{"href":"https:\/\/bhipemea.com\/si-si\/wp-json\/wp\/v2\/product"}],"about":[{"href":"https:\/\/bhipemea.com\/si-si\/wp-json\/wp\/v2\/types\/product"}],"version-history":[{"count":4,"href":"https:\/\/bhipemea.com\/si-si\/wp-json\/wp\/v2\/product\/41163\/revisions"}],"predecessor-version":[{"id":42035,"href":"https:\/\/bhipemea.com\/si-si\/wp-json\/wp\/v2\/product\/41163\/revisions\/42035"}],"wp:featuredmedia":[{"embeddable":true,"href":"https:\/\/bhipemea.com\/si-si\/wp-json\/wp\/v2\/media\/41173"}],"wp:attachment":[{"href":"https:\/\/bhipemea.com\/si-si\/wp-json\/wp\/v2\/media?parent=41163"}],"wp:term":[{"taxonomy":"product_cat","embeddable":true,"href":"https:\/\/bhipemea.com\/si-si\/wp-json\/wp\/v2\/product_cat?post=41163"},{"taxonomy":"product_tag","embeddable":true,"href":"https:\/\/bhipemea.com\/si-si\/wp-json\/wp\/v2\/product_tag?post=41163"}],"curies":[{"name":"wp","href":"https:\/\/api.w.org\/{rel}","templated":true}]}}