{"id":41166,"date":"2022-07-29T14:28:56","date_gmt":"2022-07-29T12:28:56","guid":{"rendered":"https:\/\/bhipemea.com\/product\/refreshing-skin-toner\/"},"modified":"2024-11-11T13:25:16","modified_gmt":"2024-11-11T12:25:16","slug":"refreshing-skin-toner","status":"publish","type":"product","link":"https:\/\/bhipemea.com\/si-si\/product\/refreshing-skin-toner\/","title":{"rendered":"Refreshing Skin Toner"},"content":{"rendered":"","protected":false},"excerpt":{"rendered":"<p>Osve\u017eilni tonik za ko\u017eo Mol&amp;B je tonik za suho ko\u017eo brez alkohola, ki osve\u017euje, meh\u010da in pomirja ko\u017eo brez izsu\u0161evanja. Ne\u017eno odpravlja ne\u010disto\u010de, ko\u017ea pa je po uporabi mehka in svilnata. Osve\u017eilni tonik za ko\u017eo je obogaten z naravnim kompleksom vla\u017eilnih sestavin in sestavin, ki zadr\u017eujejo vlago v ko\u017ei iz linije Hydroveg\u00ae VV, tako kot tudi s hranilnima in pomirjevalnima alantoinom in pantenolom. Vsebuje ekolo\u0161ko olje iz \u0161ipkovih semen.<\/p>\n<p>    <strong><em>Primerno za vse ko\u017ene tipe.<\/em><\/strong><br \/>\n[read-more height-formula=\"product\"]<\/p>\n","protected":false},"featured_media":41175,"template":"","meta":{"_price":"","_stock":"","_tribe_ticket_header":"","_tribe_default_ticket_provider":"","_tribe_ticket_capacity":"0","_ticket_start_date":"","_ticket_end_date":"","_tribe_ticket_show_description":"","_tribe_ticket_show_not_going":false,"_tribe_ticket_use_global_stock":"","_tribe_ticket_global_stock_level":"","_global_stock_mode":"","_global_stock_cap":"","_tribe_rsvp_for_event":"","_tribe_ticket_going_count":"","_tribe_ticket_not_going_count":"","_tribe_tickets_list":"[]","_tribe_ticket_has_attendee_info_fields":false,"_tec_slr_enabled":"","_tec_slr_layout":""},"product_cat":[272],"product_tag":[],"class_list":{"0":"post-41166","1":"product","2":"type-product","3":"status-publish","4":"has-post-thumbnail","6":"product_brand-molb","7":"product_cat-nega-koze","10":"first","11":"instock","12":"shipping-taxable","13":"product-type-simple"},"_links":{"self":[{"href":"https:\/\/bhipemea.com\/si-si\/wp-json\/wp\/v2\/product\/41166","targetHints":{"allow":["GET"]}}],"collection":[{"href":"https:\/\/bhipemea.com\/si-si\/wp-json\/wp\/v2\/product"}],"about":[{"href":"https:\/\/bhipemea.com\/si-si\/wp-json\/wp\/v2\/types\/product"}],"version-history":[{"count":5,"href":"https:\/\/bhipemea.com\/si-si\/wp-json\/wp\/v2\/product\/41166\/revisions"}],"predecessor-version":[{"id":42031,"href":"https:\/\/bhipemea.com\/si-si\/wp-json\/wp\/v2\/product\/41166\/revisions\/42031"}],"wp:featuredmedia":[{"embeddable":true,"href":"https:\/\/bhipemea.com\/si-si\/wp-json\/wp\/v2\/media\/41175"}],"wp:attachment":[{"href":"https:\/\/bhipemea.com\/si-si\/wp-json\/wp\/v2\/media?parent=41166"}],"wp:term":[{"taxonomy":"product_cat","embeddable":true,"href":"https:\/\/bhipemea.com\/si-si\/wp-json\/wp\/v2\/product_cat?post=41166"},{"taxonomy":"product_tag","embeddable":true,"href":"https:\/\/bhipemea.com\/si-si\/wp-json\/wp\/v2\/product_tag?post=41166"}],"curies":[{"name":"wp","href":"https:\/\/api.w.org\/{rel}","templated":true}]}}