{"id":41182,"date":"2022-07-29T14:28:02","date_gmt":"2022-07-29T12:28:02","guid":{"rendered":"https:\/\/bhipemea.com\/product\/gentle-skin-cleanser\/"},"modified":"2024-11-11T13:26:09","modified_gmt":"2024-11-11T12:26:09","slug":"gentle-skin-cleanser","status":"publish","type":"product","link":"https:\/\/bhipemea.com\/si-si\/product\/gentle-skin-cleanser\/","title":{"rendered":"Gentle Skin Cleanser"},"content":{"rendered":"","protected":false},"excerpt":{"rendered":"<p>Ne\u017eni \u010distilni gel Mol&amp;B je nepene\u010di \u010distilni gel, ki ne\u017eno odstrani li\u010dila, olje in umazanijo s ko\u017ee, ne da bi jo izsu\u0161il. Ko\u017ea je po uporabi sve\u017ea in \u010dista in pripravljena na nanos va\u0161e najljub\u0161e kreme. Ne\u017eni \u010distilni gel je obogaten z vitaminom B3 in provitaminom B5in vsebuje hranilno makadamijevo olje in ekolo\u0161ko olje iz \u0161ipkovih semen.  <\/p>\n<p><em><strong>Primerno za vse ko\u017ene tipe.<\/strong><\/em><br \/>\n[read-more height-formula=\"product\"]<\/p>\n","protected":false},"featured_media":41188,"template":"","meta":{"_price":"","_stock":"","_tribe_ticket_header":"","_tribe_default_ticket_provider":"","_tribe_ticket_capacity":"0","_ticket_start_date":"","_ticket_end_date":"","_tribe_ticket_show_description":"","_tribe_ticket_show_not_going":false,"_tribe_ticket_use_global_stock":"","_tribe_ticket_global_stock_level":"","_global_stock_mode":"","_global_stock_cap":"","_tribe_rsvp_for_event":"","_tribe_ticket_going_count":"","_tribe_ticket_not_going_count":"","_tribe_tickets_list":"[]","_tribe_ticket_has_attendee_info_fields":false,"_tec_slr_enabled":"","_tec_slr_layout":""},"product_cat":[272],"product_tag":[],"class_list":{"0":"post-41182","1":"product","2":"type-product","3":"status-publish","4":"has-post-thumbnail","6":"product_brand-molb","7":"product_cat-nega-koze","10":"first","11":"instock","12":"shipping-taxable","13":"product-type-simple"},"_links":{"self":[{"href":"https:\/\/bhipemea.com\/si-si\/wp-json\/wp\/v2\/product\/41182","targetHints":{"allow":["GET"]}}],"collection":[{"href":"https:\/\/bhipemea.com\/si-si\/wp-json\/wp\/v2\/product"}],"about":[{"href":"https:\/\/bhipemea.com\/si-si\/wp-json\/wp\/v2\/types\/product"}],"version-history":[{"count":3,"href":"https:\/\/bhipemea.com\/si-si\/wp-json\/wp\/v2\/product\/41182\/revisions"}],"predecessor-version":[{"id":42034,"href":"https:\/\/bhipemea.com\/si-si\/wp-json\/wp\/v2\/product\/41182\/revisions\/42034"}],"wp:featuredmedia":[{"embeddable":true,"href":"https:\/\/bhipemea.com\/si-si\/wp-json\/wp\/v2\/media\/41188"}],"wp:attachment":[{"href":"https:\/\/bhipemea.com\/si-si\/wp-json\/wp\/v2\/media?parent=41182"}],"wp:term":[{"taxonomy":"product_cat","embeddable":true,"href":"https:\/\/bhipemea.com\/si-si\/wp-json\/wp\/v2\/product_cat?post=41182"},{"taxonomy":"product_tag","embeddable":true,"href":"https:\/\/bhipemea.com\/si-si\/wp-json\/wp\/v2\/product_tag?post=41182"}],"curies":[{"name":"wp","href":"https:\/\/api.w.org\/{rel}","templated":true}]}}