{"id":41200,"date":"2022-07-29T14:26:45","date_gmt":"2022-07-29T12:26:45","guid":{"rendered":"https:\/\/bhipemea.com\/product\/visible-facelift\/"},"modified":"2024-11-15T15:20:14","modified_gmt":"2024-11-15T14:20:14","slug":"visible-facelift","status":"publish","type":"product","link":"https:\/\/bhipemea.com\/si-si\/product\/visible-facelift\/","title":{"rendered":"Visible Facelift"},"content":{"rendered":"","protected":false},"excerpt":{"rendered":"<p>Kremni gel Mol&amp;B za takoj\u0161nji vidni lifting obraza je u\u010dinkovita krema proti staranju s takoj\u0161njim u\u010dinkom liftinga, ki poskrbi za mlaj\u0161i videz in izbolj\u0161a vitalnost ko\u017ee. Vsebuje Gatuline\u00ae In-Tense in Gatuline\u00ae Expression \u2013 u\u010dinkovita in aktivna naravna rastlinska izvle\u010dka, znana po tem, da pove\u010dujeta \u010dvrstost ko\u017ee in obnavljata njeno mladostno strukturo z u\u010dinkom, podobnim polnilu. Poleg tega prepre\u010duje kr\u010denje obraznih mi\u0161ic z u\u010dinkom, ki je podoben botoksu. <\/p>\n<p>Ko\u017ea je vidno bolj \u010dvrsta, gube in obrazne linije so zglajene, obrisi pa so \u010dvrsti, kot \u010de bi opravili kirur\u0161ki lifting obraza. Obraz je nemudoma videti bolj \u010dvrst in gladek. U\u010dinek je viden \u017ee po nekaj minutah in se ohrani dolgo \u010dasa. U\u010dinek je \u0161e vidnej\u0161i, \u010de kremo uporabljate dnevno, va\u0161a ko\u017ea pa postane gladka in bolj spo\u010dita. Krema za vidni lifting obraza je poleg tega obogatena \u0161e z vla\u017eilnimi u\u010dinkovinami ter hranljivim, hladno stiskanim ekolo\u0161kim oljem iz \u0161ipkovih semen, ki ga ko\u017ea hitro vpije.   <\/p>\n<p><em><strong>Primerno za vse ko\u017ene tipe.<\/strong><\/em><\/p>\n[read-more height-formula=\"product\"]\n","protected":false},"featured_media":41205,"template":"","meta":{"_price":"","_stock":"","_tribe_ticket_header":"","_tribe_default_ticket_provider":"","_tribe_ticket_capacity":"0","_ticket_start_date":"","_ticket_end_date":"","_tribe_ticket_show_description":"","_tribe_ticket_show_not_going":false,"_tribe_ticket_use_global_stock":"","_tribe_ticket_global_stock_level":"","_global_stock_mode":"","_global_stock_cap":"","_tribe_rsvp_for_event":"","_tribe_ticket_going_count":"","_tribe_ticket_not_going_count":"","_tribe_tickets_list":"[]","_tribe_ticket_has_attendee_info_fields":false,"_tec_slr_enabled":"","_tec_slr_layout":""},"product_cat":[272],"product_tag":[],"class_list":{"0":"post-41200","1":"product","2":"type-product","3":"status-publish","4":"has-post-thumbnail","6":"product_brand-molb","7":"product_cat-nega-koze","10":"first","11":"instock","12":"shipping-taxable","13":"product-type-simple"},"_links":{"self":[{"href":"https:\/\/bhipemea.com\/si-si\/wp-json\/wp\/v2\/product\/41200","targetHints":{"allow":["GET"]}}],"collection":[{"href":"https:\/\/bhipemea.com\/si-si\/wp-json\/wp\/v2\/product"}],"about":[{"href":"https:\/\/bhipemea.com\/si-si\/wp-json\/wp\/v2\/types\/product"}],"version-history":[{"count":3,"href":"https:\/\/bhipemea.com\/si-si\/wp-json\/wp\/v2\/product\/41200\/revisions"}],"predecessor-version":[{"id":42059,"href":"https:\/\/bhipemea.com\/si-si\/wp-json\/wp\/v2\/product\/41200\/revisions\/42059"}],"wp:featuredmedia":[{"embeddable":true,"href":"https:\/\/bhipemea.com\/si-si\/wp-json\/wp\/v2\/media\/41205"}],"wp:attachment":[{"href":"https:\/\/bhipemea.com\/si-si\/wp-json\/wp\/v2\/media?parent=41200"}],"wp:term":[{"taxonomy":"product_cat","embeddable":true,"href":"https:\/\/bhipemea.com\/si-si\/wp-json\/wp\/v2\/product_cat?post=41200"},{"taxonomy":"product_tag","embeddable":true,"href":"https:\/\/bhipemea.com\/si-si\/wp-json\/wp\/v2\/product_tag?post=41200"}],"curies":[{"name":"wp","href":"https:\/\/api.w.org\/{rel}","templated":true}]}}