{"id":41218,"date":"2022-07-29T10:18:41","date_gmt":"2022-07-29T08:18:41","guid":{"rendered":"https:\/\/bhipemea.com\/product\/fusion-vanilla\/"},"modified":"2024-11-08T09:03:57","modified_gmt":"2024-11-08T08:03:57","slug":"fusion-vanilla","status":"publish","type":"product","link":"https:\/\/bhipemea.com\/si-si\/product\/fusion-vanilla\/","title":{"rendered":"Fusion Vanilla"},"content":{"rendered":"","protected":false},"excerpt":{"rendered":"<p>Bogat in kompleksen obrok z zelo kakovostnimi sestavinami in hranljivo sestavo, ki pomaga zmanj\u0161ati ob\u010dutek utrujenosti. Uporablja se lahko med shuj\u0161evalno dieto kot napitek, ki ga hitro pripravite med delovnim dnem kot nadomestek za obrok, da telesu zagotovite dobro po\u010dutje z natan\u010dno me\u0161anico zelo kakovostnih sestavin. Izdelek Fusion B:HIP je shranjen v prakti\u010dnih vre\u010dkah s koli\u010dino za eno porcijo, ki so preproste za shranjevanje in uporabo na poti.   Izdelek je na voljo v treh okusih: vanilija, \u010dokolada in jagoda\/rabarbara.<\/p>\n<p><strong>Rebuild, Perform, Energy*<\/strong><\/p>\n<p>*Izdelek med drugim vsebuje vitamin C ter vitamine B3, B6 in B12. Besede \u00bbRebuild\u00ab, \u00bbPerform\u00ab, \u00bbEnergy\u00ab se nana\u0161ajo na zdravstvene trditve Evropske agencije za varnost hrane (EFSA), ki veljajo za te sestavine.<br \/>\u2013 Vitamini B3, B6 in B12 so pomembni za metabolizem z normalnim izkoristkom energije<br \/>\u2013 Vitamina B3 in B12 pripomoreta k zmanj\u0161anju ob\u010dutka utrujenosti in iz\u010drpanosti<br \/>\u2013 Vitamin C pripomore k zmanj\u0161anju ob\u010dutka utrujenosti in iz\u010drpanosti<br \/>\u2013 Vitamin C je pomemben za normalen energijski metabolizem<br \/>\u2013 Vitamin C pripomore k za\u0161\u010diti celic pred oksidativnim stresom<br \/>Izdelkov FUSION ni mogo\u010de dobiti v obi\u010dajnih trgovinah. Prepri\u010dani smo, da je treba kupcu izdelke predstaviti in mu svetovati, kako jih uporabljati, da na najbolj\u0161i na\u010din dose\u017ee najve\u010dji potencial. Zaradi tega lahko izdelke FUSION dobite le pri va\u0161em trenerju ali distributerju. <\/p>\n[read-more height-formula=\"product\"]\n","protected":false},"featured_media":41225,"template":"","meta":{"_price":"","_stock":"","_tribe_ticket_header":"","_tribe_default_ticket_provider":"","_tribe_ticket_capacity":"0","_ticket_start_date":"","_ticket_end_date":"","_tribe_ticket_show_description":"","_tribe_ticket_show_not_going":false,"_tribe_ticket_use_global_stock":"","_tribe_ticket_global_stock_level":"","_global_stock_mode":"","_global_stock_cap":"","_tribe_rsvp_for_event":"","_tribe_ticket_going_count":"","_tribe_ticket_not_going_count":"","_tribe_tickets_list":"[]","_tribe_ticket_has_attendee_info_fields":false,"_tec_slr_enabled":"","_tec_slr_layout":""},"product_cat":[271],"product_tag":[],"class_list":{"0":"post-41218","1":"product","2":"type-product","3":"status-publish","4":"has-post-thumbnail","6":"product_brand-bhip","7":"product_cat-prehrana","10":"first","11":"instock","12":"shipping-taxable","13":"product-type-simple"},"_links":{"self":[{"href":"https:\/\/bhipemea.com\/si-si\/wp-json\/wp\/v2\/product\/41218","targetHints":{"allow":["GET"]}}],"collection":[{"href":"https:\/\/bhipemea.com\/si-si\/wp-json\/wp\/v2\/product"}],"about":[{"href":"https:\/\/bhipemea.com\/si-si\/wp-json\/wp\/v2\/types\/product"}],"version-history":[{"count":2,"href":"https:\/\/bhipemea.com\/si-si\/wp-json\/wp\/v2\/product\/41218\/revisions"}],"predecessor-version":[{"id":41994,"href":"https:\/\/bhipemea.com\/si-si\/wp-json\/wp\/v2\/product\/41218\/revisions\/41994"}],"wp:featuredmedia":[{"embeddable":true,"href":"https:\/\/bhipemea.com\/si-si\/wp-json\/wp\/v2\/media\/41225"}],"wp:attachment":[{"href":"https:\/\/bhipemea.com\/si-si\/wp-json\/wp\/v2\/media?parent=41218"}],"wp:term":[{"taxonomy":"product_cat","embeddable":true,"href":"https:\/\/bhipemea.com\/si-si\/wp-json\/wp\/v2\/product_cat?post=41218"},{"taxonomy":"product_tag","embeddable":true,"href":"https:\/\/bhipemea.com\/si-si\/wp-json\/wp\/v2\/product_tag?post=41218"}],"curies":[{"name":"wp","href":"https:\/\/api.w.org\/{rel}","templated":true}]}}